{"id":23,"date":"2026-05-02T22:51:49","date_gmt":"2026-05-02T22:51:49","guid":{"rendered":"https:\/\/uzuntakip.tr\/index.php\/zeman-operasyon\/"},"modified":"2026-05-02T23:27:01","modified_gmt":"2026-05-02T23:27:01","slug":"zeman-operasyon","status":"publish","type":"page","link":"https:\/\/uzuntakip.tr\/","title":{"rendered":"Zeman Operasyon"},"content":{"rendered":"        <div class=\"ztp-login-page ztp-login-ultra\" >\n            <div class=\"ztp-login-shell\">\n                <div class=\"ztp-login-lang\" aria-label=\"Language\">\n                    <a class=\"active\" href=\"https:\/\/uzuntakip.tr\/zeman-operasyon\/?ztp_lang=tr\">TR<\/a>\n                    <a class=\"\" href=\"https:\/\/uzuntakip.tr\/zeman-operasyon\/?ztp_lang=en\">EN<\/a>\n                    <a class=\"\" href=\"https:\/\/uzuntakip.tr\/zeman-operasyon\/?ztp_lang=de\">DE<\/a>\n                <\/div>\n                <div class=\"ztp-login-brand\">\n                    <div class=\"ztp-login-logo\">Z<\/div>                    <div><b>ZEMAN OPERASYON PORTALI<\/b><span>Kurumsal operasyon giri\u015f ekran\u0131<\/span><\/div>\n                <\/div>\n                <div class=\"ztp-login-card\">\n                    <div class=\"ztp-login-icon\">\ud83d\udd10<\/div>\n                    <h1>Giri\u015f Yap<\/h1>\n                    <p>Bu alan yaln\u0131zca yetkili kullan\u0131c\u0131lar i\u00e7indir. \u00dcyelik olu\u015fturma kapal\u0131d\u0131r.<\/p>\n                                        <form method=\"post\" autocomplete=\"off\">\n                        <input type=\"hidden\" id=\"ztp_login_nonce\" name=\"ztp_login_nonce\" value=\"faf0ded034\" \/><input type=\"hidden\" name=\"_wp_http_referer\" value=\"\/index.php\/wp-json\/wp\/v2\/pages\/23\" \/>                        <input type=\"hidden\" name=\"ztp_lang\" value=\"tr\">\n                        <input type=\"text\" name=\"ztp_company\" value=\"\" tabindex=\"-1\" autocomplete=\"off\" class=\"ztp-hp\" aria-hidden=\"true\">\n                        <label>Kullan\u0131c\u0131 Ad\u0131 \/ E-posta<input name=\"ztp_user\" type=\"text\" required autofocus autocomplete=\"username\"><\/label>\n                        <label>\u015eifre<input name=\"ztp_pass\" type=\"password\" required autocomplete=\"current-password\"><\/label>\n                        <div class=\"ztp-login-row\"><label class=\"ztp-remember\"><input name=\"ztp_remember\" type=\"checkbox\" value=\"1\"> Beni hat\u0131rla<\/label><a href=\"https:\/\/uzuntakip.tr\/wp-login.php?action=lostpassword&#038;redirect_to=https%3A%2F%2Fuzuntakip.tr%2Fzeman-operasyon%2F\">\u015eifremi Unuttum<\/a><\/div>\n                        <button type=\"submit\" name=\"ztp_login_submit\" value=\"1\">Portala Giri\u015f Yap<\/button>\n                    <\/form>\n                    <div class=\"ztp-login-help\"><b>Destek:<\/b> <a href=\"mailto:destek@zemancelik.com.tr\">destek@zemancelik.com.tr<\/a><br>Sorun ya\u015f\u0131yorsan\u0131z operasyon\/IT ekibi ile ileti\u015fime ge\u00e7in.<\/div>\n                    <small>Hesap a\u00e7ma \/ \u00fcye olma i\u015flemi yaln\u0131zca sistem y\u00f6neticisi taraf\u0131ndan yap\u0131l\u0131r.<\/small>\n                    <div class=\"ztp-login-footer\"><a href=\"\/kvkk-aydinlatma-metni\/\" target=\"_blank\" rel=\"noopener\">KVKK Ayd\u0131nlatma Metni<\/a><span>Bu sistemde yap\u0131lan i\u015flemler IP ve kullan\u0131c\u0131 bilgisi ile kay\u0131t alt\u0131na al\u0131n\u0131r. Yetkisiz eri\u015fim yasakt\u0131r.<\/span><\/div>\n                <\/div>\n            <\/div>\n        <\/div>\n        \n","protected":false},"excerpt":{"rendered":"","protected":false},"author":1,"featured_media":0,"parent":0,"menu_order":0,"comment_status":"closed","ping_status":"closed","template":"","meta":{"footnotes":""},"class_list":["post-23","page","type-page","status-publish","hentry"],"_links":{"self":[{"href":"https:\/\/uzuntakip.tr\/wp-json\/wp\/v2\/pages\/23","targetHints":{"allow":["GET"]}}],"collection":[{"href":"https:\/\/uzuntakip.tr\/wp-json\/wp\/v2\/pages"}],"about":[{"href":"https:\/\/uzuntakip.tr\/wp-json\/wp\/v2\/types\/page"}],"author":[{"embeddable":true,"href":"https:\/\/uzuntakip.tr\/wp-json\/wp\/v2\/users\/1"}],"replies":[{"embeddable":true,"href":"https:\/\/uzuntakip.tr\/wp-json\/wp\/v2\/comments?post=23"}],"version-history":[{"count":1,"href":"https:\/\/uzuntakip.tr\/wp-json\/wp\/v2\/pages\/23\/revisions"}],"predecessor-version":[{"id":31,"href":"https:\/\/uzuntakip.tr\/wp-json\/wp\/v2\/pages\/23\/revisions\/31"}],"wp:attachment":[{"href":"https:\/\/uzuntakip.tr\/wp-json\/wp\/v2\/media?parent=23"}],"curies":[{"name":"wp","href":"https:\/\/api.w.org\/{rel}","templated":true}]}}